{"id":3101,"date":"2022-06-08T17:46:21","date_gmt":"2022-06-08T17:46:21","guid":{"rendered":"https:\/\/montessori.edu.bo\/mont\/?page_id=3101"},"modified":"2024-03-12T18:46:39","modified_gmt":"2024-03-12T18:46:39","slug":"apoyo-academico-interno-2","status":"publish","type":"page","link":"https:\/\/montessori.edu.bo\/mont\/?page_id=3101","title":{"rendered":"Apoyo Acad\u00e9mico Interno"},"content":{"rendered":"<p>[et_pb_section fb_built=\u00bb1&#8243; _builder_version=\u00bb4.17.4&#8243; hover_enabled=\u00bb0&#8243; global_colors_info=\u00bb{}\u00bb background_enable_image=\u00bboff\u00bb sticky_enabled=\u00bb0&#8243;][et_pb_row _builder_version=\u00bb4.16&#8243; background_size=\u00bbinitial\u00bb background_position=\u00bbtop_left\u00bb background_repeat=\u00bbrepeat\u00bb global_colors_info=\u00bb{}\u00bb][et_pb_column type=\u00bb4_4&#8243; _builder_version=\u00bb4.16&#8243; custom_padding=\u00bb|||\u00bb global_colors_info=\u00bb{}\u00bb custom_padding__hover=\u00bb|||\u00bb][et_pb_text _builder_version=\u00bb4.16&#8243; background_size=\u00bbinitial\u00bb background_position=\u00bbtop_left\u00bb background_repeat=\u00bbrepeat\u00bb global_colors_info=\u00bb{}\u00bb]<\/p>\n<div data-colibri-id=\"3101-c1\" class=\"style-1235 style-local-3101-c1 position-relative\">\n  <!----><\/p>\n<div data-colibri-component=\"section\" data-colibri-id=\"3101-c6\" id=\"about\" class=\"h-section h-section-global-spacing d-flex align-items-lg-center align-items-md-center align-items-center style-1240 style-local-3101-c6 position-relative\">\n    <!----><br \/>\n<!----><\/p>\n<div class=\"h-section-grid-container h-section-boxed-container\">\n      <!----><\/p>\n<div data-colibri-id=\"3101-c7\" class=\"h-row-container gutters-row-lg-2 gutters-row-md-2 gutters-row-2 gutters-row-v-lg-2 gutters-row-v-md-2 gutters-row-v-2 style-1241 style-local-3101-c7 position-relative\">\n        <!----><\/p>\n<div class=\"h-row justify-content-lg-center justify-content-md-center justify-content-center align-items-lg-stretch align-items-md-stretch align-items-stretch gutters-col-lg-2 gutters-col-md-2 gutters-col-2 gutters-col-v-lg-2 gutters-col-v-md-2 gutters-col-v-2\">\n          <!----><\/p>\n<div class=\"h-column h-column-container d-flex h-col-lg-auto h-col-md-auto h-col-auto style-1242-outer style-local-3101-c8-outer\">\n<div data-colibri-id=\"3101-c8\" class=\"d-flex h-flex-basis h-column__inner h-px-lg-2 h-px-md-2 h-px-2 v-inner-lg-2 v-inner-md-2 v-inner-2 style-1242 style-local-3101-c8 position-relative\">\n              <!----><br \/>\n<!----><\/p>\n<div class=\"w-100 h-y-container h-column__content h-column__v-align flex-basis-100 align-self-lg-center align-self-md-center align-self-center\">\n                <!----><\/p>\n<div data-colibri-id=\"3101-c10\" class=\"h-global-transition-all h-heading style-1244 style-local-3101-c10 position-relative h-element\">\n                  <!----><\/p>\n<div class=\"h-heading__outer style-1244 style-local-3101-c10\">\n                    <!----><br \/>\n<!----><\/p>\n<h2 class=\"\"><em style=\"font-family: &quot;Playfair Display&quot;; color: rgb(247, 144, 7);\">Apoyo Acad\u00e9mico Interno<\/em><\/h2>\n<\/div>\n<\/div>\n<div data-colibri-id=\"3101-c11\" class=\"h-text h-text-component style-1245 style-local-3101-c11 position-relative h-element\">\n                  <!----><br \/>\n<!----><\/p>\n<div class=\"\">\n<p><span style=\"font-family: Arial, sans-serif; font-size: 10pt;\">El apoyo Acad\u00e9mico Interno est\u00e1 programado para apoyar al estudiante en superar alg\u00fan contenido espec\u00edfico que le haya quedado rezagado en la asignatura. Los estudiantes pasan clases especiales por la tarde. <\/span>.<\/p>\n<\/div>\n<\/div>\n<div data-colibri-id=\"3101-c16\" class=\"d-block style-1250 style-local-3101-c16 position-relative h-element\">\n                  <!----><\/p>\n<div class=\"h-image__frame-container-outer\">\n<div class=\"h-image__frame-container\">\n                      <!----><br \/>\n<!----><br \/>\n<img loading=\"lazy\" decoding=\"async\" width=\"1000\" height=\"551\" src=\"https:\/\/montessori.edu.bo\/mont\/wp-content\/uploads\/2022\/06\/apoyo-academico-interno1.jpg\" class=\"wp-image-3495 style-1250-image style-local-3101-c16-image\" srcset=\"https:\/\/montessori.edu.bo\/mont\/wp-content\/uploads\/2022\/06\/apoyo-academico-interno1.jpg 1000w, https:\/\/montessori.edu.bo\/mont\/wp-content\/uploads\/2022\/06\/apoyo-academico-interno1-300x165.jpg 300w, https:\/\/montessori.edu.bo\/mont\/wp-content\/uploads\/2022\/06\/apoyo-academico-interno1-768x423.jpg 768w\" sizes=\"auto, (max-width: 1000px) 100vw, 1000px\" \/><\/p>\n<div class=\"h-image__frame h-hide-lg h-hide-md h-hide-sm style-1250-frameImage style-local-3101-c16-frameImage\"><\/div>\n<\/div>\n<\/div>\n<\/div>\n<\/div>\n<\/div>\n<\/div>\n<div class=\"h-column h-column-container d-flex h-col-lg-auto h-col-md-auto h-col-auto style-1248-outer style-local-3101-c14-outer\">\n<div data-colibri-id=\"3101-c14\" class=\"d-flex h-flex-basis h-column__inner h-px-lg-2 h-px-md-2 h-px-2 v-inner-lg-2 v-inner-md-2 v-inner-2 style-1248 style-local-3101-c14 position-relative\">\n              <!----><br \/>\n<!----><\/p>\n<div class=\"w-100 h-y-container h-column__content h-column__v-align flex-basis-100 align-self-lg-center align-self-md-center align-self-center\">\n                <!----><\/p>\n<div data-colibri-id=\"3101-c15\" class=\"d-block style-1249 style-local-3101-c15 position-relative h-element\">\n                  <!----><\/p>\n<div class=\"h-image__frame-container-outer\">\n<div class=\"h-image__frame-container\">\n                      <!----><br \/>\n<!----><br \/>\n<img loading=\"lazy\" decoding=\"async\" width=\"923\" height=\"659\" src=\"https:\/\/montessori.edu.bo\/mont\/wp-content\/uploads\/2022\/06\/apoyo-academico-interno.jpg\" class=\"wp-image-3086 style-1249-image style-local-3101-c15-image\" srcset=\"https:\/\/montessori.edu.bo\/mont\/wp-content\/uploads\/2022\/06\/apoyo-academico-interno.jpg 923w, https:\/\/montessori.edu.bo\/mont\/wp-content\/uploads\/2022\/06\/apoyo-academico-interno-300x214.jpg 300w, https:\/\/montessori.edu.bo\/mont\/wp-content\/uploads\/2022\/06\/apoyo-academico-interno-768x548.jpg 768w\" sizes=\"auto, (max-width: 923px) 100vw, 923px\" \/><\/p>\n<div class=\"h-image__frame h-hide-sm style-1249-frameImage style-local-3101-c15-frameImage\"><\/div>\n<\/div>\n<\/div>\n<\/div>\n<\/div>\n<\/div>\n<\/div>\n<\/div>\n<\/div>\n<\/div>\n<\/div>\n<\/div>\n<p>[\/et_pb_text][\/et_pb_column][\/et_pb_row][\/et_pb_section]<\/p>\n","protected":false},"excerpt":{"rendered":"<p>Apoyo Acad\u00e9mico Interno El apoyo Acad\u00e9mico Interno est\u00e1 programado para apoyar al estudiante en superar alg\u00fan contenido espec\u00edfico que le haya quedado rezagado en la asignatura. Los estudiantes pasan clases especiales por la tarde. .<\/p>\n","protected":false},"author":2,"featured_media":0,"parent":0,"menu_order":0,"comment_status":"closed","ping_status":"closed","template":"","meta":{"_et_pb_use_builder":"on","_et_pb_old_content":"<div data-colibri-id=\"3101-c1\" class=\"style-1235 style-local-3101-c1 position-relative\">\n  <!---->\n<div data-colibri-component=\"section\" data-colibri-id=\"3101-c6\" id=\"about\" class=\"h-section h-section-global-spacing d-flex align-items-lg-center align-items-md-center align-items-center style-1240 style-local-3101-c6 position-relative\">\n    <!---->\n<!---->\n<div class=\"h-section-grid-container h-section-boxed-container\">\n      <!---->\n<div data-colibri-id=\"3101-c7\" class=\"h-row-container gutters-row-lg-2 gutters-row-md-2 gutters-row-2 gutters-row-v-lg-2 gutters-row-v-md-2 gutters-row-v-2 style-1241 style-local-3101-c7 position-relative\">\n        <!---->\n<div class=\"h-row justify-content-lg-center justify-content-md-center justify-content-center align-items-lg-stretch align-items-md-stretch align-items-stretch gutters-col-lg-2 gutters-col-md-2 gutters-col-2 gutters-col-v-lg-2 gutters-col-v-md-2 gutters-col-v-2\">\n          <!---->\n<div class=\"h-column h-column-container d-flex h-col-lg-auto h-col-md-auto h-col-auto style-1242-outer style-local-3101-c8-outer\">\n<div data-colibri-id=\"3101-c8\" class=\"d-flex h-flex-basis h-column__inner h-px-lg-2 h-px-md-2 h-px-2 v-inner-lg-2 v-inner-md-2 v-inner-2 style-1242 style-local-3101-c8 position-relative\">\n              <!---->\n<!---->\n<div class=\"w-100 h-y-container h-column__content h-column__v-align flex-basis-100 align-self-lg-center align-self-md-center align-self-center\">\n                <!---->\n<div data-colibri-id=\"3101-c10\" class=\"h-global-transition-all h-heading style-1244 style-local-3101-c10 position-relative h-element\">\n                  <!---->\n<div class=\"h-heading__outer style-1244 style-local-3101-c10\">\n                    <!---->\n<!---->\n<h2 class=\"\"><em style=\"font-family: &quot;Playfair Display&quot;; color: rgb(247, 144, 7);\">Apoyo Acad\u00e9mico Interno<\/em><\/h2>\n<\/div>\n<\/div>\n<div data-colibri-id=\"3101-c11\" class=\"h-text h-text-component style-1245 style-local-3101-c11 position-relative h-element\">\n                  <!---->\n<!---->\n<div class=\"\">\n\n<span style=\"font-family: Arial, sans-serif; font-size: 10pt;\">El apoyo Acad\u00e9mico Interno est\u00e1 programado para apoyar al estudiante en superar alg\u00fan contenido espec\u00edfico que le haya quedado rezagado en la asignatura. Los estudiantes pasan clases especiales por la tarde. <\/span>.\n\n<\/div>\n<\/div>\n<div data-colibri-id=\"3101-c16\" class=\"d-block style-1250 style-local-3101-c16 position-relative h-element\">\n                  <!---->\n<div class=\"h-image__frame-container-outer\">\n<div class=\"h-image__frame-container\">\n                      <!---->\n<!---->\n<img src=\"https:\/\/montessori.edu.bo\/mont\/wp-content\/uploads\/2022\/06\/apoyo-academico-interno1.jpg\" class=\"wp-image-3495 style-1250-image style-local-3101-c16-image\">\n<div class=\"h-image__frame h-hide-lg h-hide-md h-hide-sm style-1250-frameImage style-local-3101-c16-frameImage\"><\/div>\n<\/div>\n<\/div>\n<\/div>\n<\/div>\n<\/div>\n<\/div>\n<div class=\"h-column h-column-container d-flex h-col-lg-auto h-col-md-auto h-col-auto style-1248-outer style-local-3101-c14-outer\">\n<div data-colibri-id=\"3101-c14\" class=\"d-flex h-flex-basis h-column__inner h-px-lg-2 h-px-md-2 h-px-2 v-inner-lg-2 v-inner-md-2 v-inner-2 style-1248 style-local-3101-c14 position-relative\">\n              <!---->\n<!---->\n<div class=\"w-100 h-y-container h-column__content h-column__v-align flex-basis-100 align-self-lg-center align-self-md-center align-self-center\">\n                <!---->\n<div data-colibri-id=\"3101-c15\" class=\"d-block style-1249 style-local-3101-c15 position-relative h-element\">\n                  <!---->\n<div class=\"h-image__frame-container-outer\">\n<div class=\"h-image__frame-container\">\n                      <!---->\n<!---->\n<img src=\"https:\/\/montessori.edu.bo\/mont\/wp-content\/uploads\/2022\/06\/apoyo-academico-interno.jpg\" class=\"wp-image-3086 style-1249-image style-local-3101-c15-image\">\n<div class=\"h-image__frame h-hide-sm style-1249-frameImage style-local-3101-c15-frameImage\"><\/div>\n<\/div>\n<\/div>\n<\/div>\n<\/div>\n<\/div>\n<\/div>\n<\/div>\n<\/div>\n<\/div>\n<\/div>\n<\/div>","_et_gb_content_width":"","footnotes":""},"class_list":["post-3101","page","type-page","status-publish","hentry"],"_links":{"self":[{"href":"https:\/\/montessori.edu.bo\/mont\/index.php?rest_route=\/wp\/v2\/pages\/3101","targetHints":{"allow":["GET"]}}],"collection":[{"href":"https:\/\/montessori.edu.bo\/mont\/index.php?rest_route=\/wp\/v2\/pages"}],"about":[{"href":"https:\/\/montessori.edu.bo\/mont\/index.php?rest_route=\/wp\/v2\/types\/page"}],"author":[{"embeddable":true,"href":"https:\/\/montessori.edu.bo\/mont\/index.php?rest_route=\/wp\/v2\/users\/2"}],"replies":[{"embeddable":true,"href":"https:\/\/montessori.edu.bo\/mont\/index.php?rest_route=%2Fwp%2Fv2%2Fcomments&post=3101"}],"version-history":[{"count":10,"href":"https:\/\/montessori.edu.bo\/mont\/index.php?rest_route=\/wp\/v2\/pages\/3101\/revisions"}],"predecessor-version":[{"id":5274,"href":"https:\/\/montessori.edu.bo\/mont\/index.php?rest_route=\/wp\/v2\/pages\/3101\/revisions\/5274"}],"wp:attachment":[{"href":"https:\/\/montessori.edu.bo\/mont\/index.php?rest_route=%2Fwp%2Fv2%2Fmedia&parent=3101"}],"curies":[{"name":"wp","href":"https:\/\/api.w.org\/{rel}","templated":true}]}}