{"id":3089,"date":"2022-06-08T17:38:46","date_gmt":"2022-06-08T17:38:46","guid":{"rendered":"https:\/\/montessori.edu.bo\/mont\/?page_id=3089"},"modified":"2022-06-17T18:38:58","modified_gmt":"2022-06-17T18:38:58","slug":"desarrollo-socio-emocional-y-fortalecimiento-en-valores","status":"publish","type":"page","link":"https:\/\/montessori.edu.bo\/mont\/?page_id=3089","title":{"rendered":"DESARROLLO SOCIO EMOCIONAL Y FORTALECIMIENTO EN VALORES"},"content":{"rendered":"<p>[et_pb_section fb_built=\u00bb1&#8243; custom_padding_last_edited=\u00bbon|phone\u00bb admin_label=\u00bbHero\u00bb _builder_version=\u00bb4.17.4&#8243; _module_preset=\u00bbdefault\u00bb use_background_color_gradient=\u00bbon\u00bb background_color_gradient_stops=\u00bbrgba(49,128,192,0.2) 0%|rgba(49,128,192,0.6) 100%\u00bb background_color_gradient_overlays_image=\u00bbon\u00bb background_color_gradient_start=\u00bbrgba(49,128,192,0.2)\u00bb background_color_gradient_end=\u00bbrgba(49,128,192,0.6)\u00bb background_image=\u00bbhttps:\/\/montessori.edu.bo\/mont\/wp-content\/uploads\/2022\/06\/valores3.jpg\u00bb custom_margin=\u00bb|5vw||\u00bb custom_padding=\u00bb10vw||10vw||true|false\u00bb custom_padding_tablet=\u00bb100px||100px|\u00bb custom_padding_phone=\u00bb|||\u00bb animation_style=\u00bbslide\u00bb animation_direction=\u00bbleft\u00bb animation_intensity_slide=\u00bb5%\u00bb border_radii=\u00bb|||30vw|\u00bb border_color_all=\u00bb#0ee1f4&#8243; border_width_right=\u00bb2vw\u00bb box_shadow_style=\u00bbpreset4&#8243; box_shadow_horizontal=\u00bb20px\u00bb box_shadow_vertical=\u00bb0px\u00bb box_shadow_color=\u00bbrgba(14,225,244,0.33)\u00bb global_colors_info=\u00bb{}\u00bb][et_pb_row column_structure=\u00bb1_2,1_2&#8243; _builder_version=\u00bb4.16&#8243; _module_preset=\u00bbdefault\u00bb min_height=\u00bb96.7px\u00bb custom_padding=\u00bb0|0px|27px|0px\u00bb global_colors_info=\u00bb{}\u00bb][et_pb_column type=\u00bb1_2&#8243; _builder_version=\u00bb4.16&#8243; _module_preset=\u00bbdefault\u00bb custom_padding=\u00bb|||\u00bb global_colors_info=\u00bb{}\u00bb custom_padding__hover=\u00bb|||\u00bb][et_pb_text admin_label=\u00bbText\u00bb _builder_version=\u00bb4.17.4&#8243; _module_preset=\u00bbdefault\u00bb text_font=\u00bbMontserrat|300|||||||\u00bb text_font_size=\u00bb22px\u00bb text_line_height=\u00bb1.8em\u00bb ul_font=\u00bb||||||||\u00bb header_font=\u00bbMontserrat|500|||||||\u00bb header_font_size=\u00bb5vw\u00bb header_line_height=\u00bb1.2em\u00bb text_orientation=\u00bbcenter\u00bb background_layout=\u00bbdark\u00bb module_alignment=\u00bbcenter\u00bb custom_margin=\u00bb-80px|||||\u00bb text_line_height_tablet=\u00bb2em\u00bb text_line_height_phone=\u00bb2em\u00bb text_line_height_last_edited=\u00bboff|desktop\u00bb header_font_size_tablet=\u00bb40px\u00bb header_font_size_phone=\u00bb\u00bb header_font_size_last_edited=\u00bbon|tablet\u00bb header_line_height_tablet=\u00bb1.2em\u00bb header_line_height_phone=\u00bb1.1em\u00bb header_line_height_last_edited=\u00bbon|phone\u00bb header_text_shadow_style=\u00bbpreset3&#8243; header_text_shadow_color=\u00bbrgba(0,0,0,0.06)\u00bb global_colors_info=\u00bb{}\u00bb]<\/p>\n<p><strong>DESARROLLO SOCIO EMOCIONAL <\/strong><\/p>\n<p><strong>Y FORTALECIMIENTO EN VALORES<\/strong><\/p>\n<p>&nbsp;<\/p>\n<p>[\/et_pb_text][\/et_pb_column][et_pb_column type=\u00bb1_2&#8243; _builder_version=\u00bb4.17.4&#8243; _module_preset=\u00bbdefault\u00bb global_colors_info=\u00bb{}\u00bb][\/et_pb_column][\/et_pb_row][\/et_pb_section][et_pb_section fb_built=\u00bb1&#8243; admin_label=\u00bbWhy Us\u00bb _builder_version=\u00bb4.17.4&#8243; _module_preset=\u00bbdefault\u00bb background_image=\u00bbhttps:\/\/montessori.edu.bo\/mont\/wp-content\/uploads\/2022\/06\/01Fondo-Montessori.jpg\u00bb custom_padding=\u00bb100px|0px|0px|0px|false|false\u00bb global_colors_info=\u00bb{}\u00bb][et_pb_row column_structure=\u00bb1_2,1_2&#8243; _builder_version=\u00bb4.16&#8243; _module_preset=\u00bbdefault\u00bb width=\u00bb100%\u00bb max_width=\u00bb100%\u00bb custom_margin=\u00bb|||\u00bb custom_margin_tablet=\u00bb||0px|\u00bb custom_margin_phone=\u00bb\u00bb custom_margin_last_edited=\u00bbon|desktop\u00bb custom_padding=\u00bb|||\u00bb use_custom_width=\u00bbon\u00bb width_unit=\u00bboff\u00bb custom_width_percent=\u00bb100%\u00bb global_colors_info=\u00bb{}\u00bb][et_pb_column type=\u00bb1_2&#8243; _builder_version=\u00bb4.16&#8243; _module_preset=\u00bbdefault\u00bb custom_padding=\u00bb60px||60px|14%\u00bb custom_padding_tablet=\u00bb0px|50px|50px|50px\u00bb custom_padding_phone=\u00bb0px|50px|50px|50px\u00bb custom_padding_last_edited=\u00bbon|desktop\u00bb global_colors_info=\u00bb{}\u00bb padding_tablet=\u00bb0px|50px|50px|50px\u00bb padding_last_edited=\u00bbon|desktop\u00bb custom_padding__hover=\u00bb|||\u00bb padding_phone=\u00bb0px|50px|50px|50px\u00bb][et_pb_text _builder_version=\u00bb4.17.4&#8243; _module_preset=\u00bbdefault\u00bb text_font=\u00bbMontserrat|300|||||||\u00bb text_font_size=\u00bb16px\u00bb text_line_height=\u00bb2em\u00bb link_font=\u00bb||||||||\u00bb ul_font=\u00bb||||||||\u00bb ol_font=\u00bb||||||||\u00bb quote_font=\u00bb||||||||\u00bb header_font=\u00bb||||||||\u00bb header_2_font=\u00bbMontserrat|300|||||||\u00bb header_2_text_color=\u00bb#212d3b\u00bb header_2_font_size=\u00bb40px\u00bb header_2_line_height=\u00bb1.5em\u00bb max_width=\u00bb600px\u00bb custom_margin=\u00bb|||\u00bb custom_margin_tablet=\u00bb0px|50px||50px\u00bb custom_margin_last_edited=\u00bboff|desktop\u00bb custom_padding=\u00bb|||\u00bb hover_enabled=\u00bb0&#8243; global_colors_info=\u00bb{}\u00bb sticky_enabled=\u00bb0&#8243;]<\/p>\n<p style=\"text-align: justify;\"><span style=\"color: #000000;\">El desarrollo socioemocional en los ni\u00f1os y adolescentes, es la pieza <\/span><span style=\"color: #000000;\">fundamental que permite completar una educaci\u00f3n efectiva, viabilizando el <\/span><span style=\"color: #000000;\">desarrollo de las competencias fundamentales: relaciones interpersonales, <\/span><span style=\"color: #000000;\">desarrollo \u00e9tico y formaci\u00f3n en valores.<\/span><br \/><span style=\"color: #000000;\">Dentro de las aulas y a trav\u00e9s del acompa\u00f1amiento personal de los<\/span><br \/><span style=\"color: #000000;\">estudiantes, el objetivo se centra en el desarrollo de:<\/span><br \/><span style=\"color: #000000;\">\u25cf La conciencia de s\u00ed mismo.<\/span><br \/><span style=\"color: #000000;\">\u25cf La conciencia social a trav\u00e9s del desarrollo de la empat\u00eda y de la<\/span><br \/><span style=\"color: #000000;\">comprensi\u00f3n y valoraci\u00f3n de la diversidad.<\/span><br \/><span style=\"color: #000000;\">\u25cf La toma responsable de decisiones.<\/span><br \/><span style=\"color: #000000;\">\u25cf La autorregulaci\u00f3n.<\/span><br \/><span style=\"color: #000000;\">\u25cf El manejo adecuado de las relaciones.<\/span><br \/><span style=\"color: #000000;\">Es a trav\u00e9s de las competencias socioemocionales que los estudiantes logran <\/span><span style=\"color: #000000;\">ser agentes de cambio social y de paz.<\/span><\/p>\n<p>[\/et_pb_text][\/et_pb_column][et_pb_column type=\u00bb1_2&#8243; _builder_version=\u00bb4.16&#8243; _module_preset=\u00bbdefault\u00bb custom_padding=\u00bb|||\u00bb global_colors_info=\u00bb{}\u00bb custom_padding__hover=\u00bb|||\u00bb][et_pb_image src=\u00bbhttps:\/\/montessori.edu.bo\/mont\/wp-content\/uploads\/2022\/06\/valores.jpg\u00bb title_text=\u00bbvalores\u00bb force_fullwidth=\u00bbon\u00bb align_tablet=\u00bbcenter\u00bb align_phone=\u00bbcenter\u00bb align_last_edited=\u00bbon|desktop\u00bb _builder_version=\u00bb4.17.4&#8243; _module_preset=\u00bbdefault\u00bb custom_margin=\u00bb|||\u00bb custom_padding=\u00bb|||\u00bb animation_style=\u00bbslide\u00bb animation_direction=\u00bbright\u00bb animation_intensity_slide=\u00bb5%\u00bb border_radii=\u00bb|30px|||15vw\u00bb border_color_all=\u00bb#2f8cff\u00bb border_width_left=\u00bb2vw\u00bb box_shadow_style=\u00bbpreset3&#8243; box_shadow_vertical=\u00bb30px\u00bb box_shadow_blur=\u00bb80px\u00bb box_shadow_spread=\u00bb-30px\u00bb box_shadow_color=\u00bbrgba(102,141,186,0.7)\u00bb global_colors_info=\u00bb{}\u00bb][\/et_pb_image][\/et_pb_column][\/et_pb_row][\/et_pb_section]<\/p>\n","protected":false},"excerpt":{"rendered":"<p>DESARROLLO SOCIO EMOCIONAL Y FORTALECIMIENTO EN VALORES &nbsp;El desarrollo socioemocional en los ni\u00f1os y adolescentes, es la pieza fundamental que permite completar una educaci\u00f3n efectiva, viabilizando el desarrollo de las competencias fundamentales: relaciones interpersonales, desarrollo \u00e9tico y formaci\u00f3n en valores.Dentro de las aulas y a trav\u00e9s del acompa\u00f1amiento personal de losestudiantes, el objetivo se centra [&hellip;]<\/p>\n","protected":false},"author":2,"featured_media":0,"parent":0,"menu_order":0,"comment_status":"closed","ping_status":"closed","template":"","meta":{"_et_pb_use_builder":"on","_et_pb_old_content":"<!-- wp:paragraph {\"backgroundColor\":\"colibri-color-3\",\"textColor\":\"colibri-color-6\"} -->\n<p class=\"has-colibri-color-6-color has-colibri-color-3-background-color has-text-color has-background\">El desarrollo socioemocional en los ni\u00f1os y adolescentes, es la pieza<br>fundamental que permite completar una educaci\u00f3n efectiva, viabilizando el<br>desarrollo de las competencias fundamentales: relaciones interpersonales,<br>desarrollo \u00e9tico y formaci\u00f3n en valores.<br>Dentro de las aulas y a trav\u00e9s del acompa\u00f1amiento personal de los<br>estudiantes, el objetivo se centra en el desarrollo de:<br>\u25cf La conciencia de s\u00ed mismo.<br>\u25cf La conciencia social a trav\u00e9s del desarrollo de la empat\u00eda y de la<br>comprensi\u00f3n y valoraci\u00f3n de la diversidad.<br>\u25cf La toma responsable de decisiones.<br>\u25cf la autorregulaci\u00f3n.<br>\u25cf El manejo adecuado de las relaciones.<br>Es a trav\u00e9s de las competencias socioemocionales que los estudiantes logran<br>ser agentes de cambio social y de paz.<\/p>\n<!-- \/wp:paragraph -->\n\n<!-- wp:image {\"id\":3090,\"width\":679,\"height\":415,\"sizeSlug\":\"full\",\"linkDestination\":\"none\"} -->\n<figure class=\"wp-block-image size-full is-resized\"><img src=\"https:\/\/montessori.edu.bo\/mont\/wp-content\/uploads\/2022\/06\/valores.jpg\" alt=\"\" class=\"wp-image-3090\" width=\"679\" height=\"415\"\/><\/figure>\n<!-- \/wp:image -->","_et_gb_content_width":"","footnotes":""},"class_list":["post-3089","page","type-page","status-publish","hentry"],"_links":{"self":[{"href":"https:\/\/montessori.edu.bo\/mont\/index.php?rest_route=\/wp\/v2\/pages\/3089","targetHints":{"allow":["GET"]}}],"collection":[{"href":"https:\/\/montessori.edu.bo\/mont\/index.php?rest_route=\/wp\/v2\/pages"}],"about":[{"href":"https:\/\/montessori.edu.bo\/mont\/index.php?rest_route=\/wp\/v2\/types\/page"}],"author":[{"embeddable":true,"href":"https:\/\/montessori.edu.bo\/mont\/index.php?rest_route=\/wp\/v2\/users\/2"}],"replies":[{"embeddable":true,"href":"https:\/\/montessori.edu.bo\/mont\/index.php?rest_route=%2Fwp%2Fv2%2Fcomments&post=3089"}],"version-history":[{"count":6,"href":"https:\/\/montessori.edu.bo\/mont\/index.php?rest_route=\/wp\/v2\/pages\/3089\/revisions"}],"predecessor-version":[{"id":4093,"href":"https:\/\/montessori.edu.bo\/mont\/index.php?rest_route=\/wp\/v2\/pages\/3089\/revisions\/4093"}],"wp:attachment":[{"href":"https:\/\/montessori.edu.bo\/mont\/index.php?rest_route=%2Fwp%2Fv2%2Fmedia&parent=3089"}],"curies":[{"name":"wp","href":"https:\/\/api.w.org\/{rel}","templated":true}]}}